{"id":18,"date":"2024-10-17T16:38:02","date_gmt":"2024-10-17T16:38:02","guid":{"rendered":"https:\/\/arealsteel.hdonline.pt\/?page_id=18"},"modified":"2025-04-04T09:44:30","modified_gmt":"2025-04-04T09:44:30","slug":"home","status":"publish","type":"page","link":"https:\/\/arealsteel.pt\/en\/","title":{"rendered":"HOME"},"content":{"rendered":"<div data-elementor-type=\"wp-page\" data-elementor-id=\"18\" class=\"elementor elementor-18\" data-elementor-post-type=\"page\">\n\t\t\t\t<div class=\"elementor-element elementor-element-6433ddd e-con-full e-flex e-con e-parent\" data-id=\"6433ddd\" data-element_type=\"container\" data-e-type=\"container\">\n\t\t\t\t<div class=\"elementor-element elementor-element-6ca6d6f elementor--h-position-center elementor--v-position-middle elementor-arrows-position-inside elementor-pagination-position-inside elementor-widget elementor-widget-slides\" data-id=\"6ca6d6f\" data-element_type=\"widget\" data-e-type=\"widget\" id=\"home-slider\" data-settings=\"{&quot;navigation&quot;:&quot;both&quot;,&quot;autoplay&quot;:&quot;yes&quot;,&quot;pause_on_hover&quot;:&quot;yes&quot;,&quot;pause_on_interaction&quot;:&quot;yes&quot;,&quot;autoplay_speed&quot;:5000,&quot;infinite&quot;:&quot;yes&quot;,&quot;transition&quot;:&quot;slide&quot;,&quot;transition_speed&quot;:500}\" data-widget_type=\"slides.default\">\n\t\t\t\t<div class=\"elementor-widget-container\">\n\t\t\t\t\t\t\t\t\t<div class=\"elementor-swiper\">\n\t\t\t\t\t<div class=\"elementor-slides-wrapper elementor-main-swiper swiper\" role=\"region\" aria-roledescription=\"carousel\" aria-label=\"Slides\" dir=\"ltr\" data-animation=\"fadeInUp\">\n\t\t\t\t<div class=\"swiper-wrapper elementor-slides\">\n\t\t\t\t\t\t\t\t\t\t<div class=\"elementor-repeater-item-6408fb6 swiper-slide\" role=\"group\" aria-roledescription=\"slide\"><div class=\"swiper-slide-bg\" role=\"img\" aria-label=\"home page solda webp_11zon\"><\/div><div class=\"swiper-slide-inner\" ><div class=\"swiper-slide-contents\"><div class=\"elementor-slide-heading\"><img decoding=\"async\" src=\"https:\/\/arealsteel.pt\/wp-content\/uploads\/2024\/10\/AREALSTEEL-white-.png\" alt=\"logo\"\/><\/div><\/div><\/div><\/div><div class=\"elementor-repeater-item-836d711 swiper-slide\" role=\"group\" aria-roledescription=\"slide\"><div class=\"swiper-slide-bg\" role=\"img\" aria-label=\"SLIDE 2\"><\/div><div class=\"swiper-slide-inner\" ><div class=\"swiper-slide-contents\"><div class=\"elementor-slide-heading\"><img decoding=\"async\" src=\"https:\/\/arealsteel.pt\/wp-content\/uploads\/2024\/10\/AREALSTEEL-white-.png\" alt=\"logo\"\/><\/div><\/div><\/div><\/div><div class=\"elementor-repeater-item-901d64e swiper-slide\" role=\"group\" aria-roledescription=\"slide\"><div class=\"swiper-slide-bg\" role=\"img\" aria-label=\"SLIDE 3\"><\/div><div class=\"swiper-slide-inner\" ><div class=\"swiper-slide-contents\"><div class=\"elementor-slide-heading\"><img decoding=\"async\" src=\"https:\/\/arealsteel.pt\/wp-content\/uploads\/2024\/10\/AREALSTEEL-white-.png\" alt=\"logo\"\/><\/div><\/div><\/div><\/div>\t\t\t\t<\/div>\n\t\t\t\t\t\t\t\t\t\t\t\t\t\t\t<div class=\"elementor-swiper-button elementor-swiper-button-prev\" role=\"button\" tabindex=\"0\" aria-label=\"Previous slide\">\n\t\t\t\t\t\t\t<svg aria-hidden=\"true\" class=\"e-font-icon-svg e-eicon-chevron-left\" viewbox=\"0 0 1000 1000\" xmlns=\"http:\/\/www.w3.org\/2000\/svg\"><path d=\"M646 125C629 125 613 133 604 142L308 442C296 454 292 471 292 487 292 504 296 521 308 533L604 854C617 867 629 875 646 875 663 875 679 871 692 858 704 846 713 829 713 812 713 796 708 779 692 767L438 487 692 225C700 217 708 204 708 187 708 171 704 154 692 142 675 129 663 125 646 125Z\"><\/path><\/svg>\t\t\t\t\t\t<\/div>\n\t\t\t\t\t\t<div class=\"elementor-swiper-button elementor-swiper-button-next\" role=\"button\" tabindex=\"0\" aria-label=\"Next slide\">\n\t\t\t\t\t\t\t<svg aria-hidden=\"true\" class=\"e-font-icon-svg e-eicon-chevron-right\" viewbox=\"0 0 1000 1000\" xmlns=\"http:\/\/www.w3.org\/2000\/svg\"><path d=\"M696 533C708 521 713 504 713 487 713 471 708 454 696 446L400 146C388 133 375 125 354 125 338 125 325 129 313 142 300 154 292 171 292 187 292 204 296 221 308 233L563 492 304 771C292 783 288 800 288 817 288 833 296 850 308 863 321 871 338 875 354 875 371 875 388 867 400 854L696 533Z\"><\/path><\/svg>\t\t\t\t\t\t<\/div>\n\t\t\t\t\t\t\t\t\t\t\t\t\t\t\t\t<div class=\"swiper-pagination\"><\/div>\n\t\t\t\t\t\t\t\t\t\t\t\t<\/div>\n\t\t\t\t<\/div>\n\t\t\t\t\t\t\t\t<\/div>\n\t\t\t\t<\/div>\n\t\t\t\t<\/div>\n\t\t<div class=\"elementor-element elementor-element-ad94919 e-con-full e-flex e-con e-parent\" data-id=\"ad94919\" data-element_type=\"container\" data-e-type=\"container\">\n\t\t<div class=\"elementor-element elementor-element-72bf7af e-con-full e-flex e-con e-child\" data-id=\"72bf7af\" data-element_type=\"container\" data-e-type=\"container\" data-settings=\"{&quot;background_background&quot;:&quot;classic&quot;}\">\n\t\t<div class=\"elementor-element elementor-element-5eb1ce2 e-con-full e-flex e-con e-child\" data-id=\"5eb1ce2\" data-element_type=\"container\" data-e-type=\"container\" data-settings=\"{&quot;background_background&quot;:&quot;classic&quot;,&quot;position&quot;:&quot;absolute&quot;}\">\n\t\t<div class=\"elementor-element elementor-element-4aa0796 e-con-full e-flex e-con e-child\" data-id=\"4aa0796\" data-element_type=\"container\" data-e-type=\"container\">\n\t\t\t\t<div class=\"elementor-element elementor-element-b776b84 elementor-widget elementor-widget-heading\" data-id=\"b776b84\" data-element_type=\"widget\" data-e-type=\"widget\" data-widget_type=\"heading.default\">\n\t\t\t\t<div class=\"elementor-widget-container\">\n\t\t\t\t\t<h4 class=\"elementor-heading-title elementor-size-default\">PORTFOLIO<\/h4>\t\t\t\t<\/div>\n\t\t\t\t<\/div>\n\t\t\t\t<div class=\"elementor-element elementor-element-4852418 elementor-widget__width-auto elementor-widget elementor-widget-button\" data-id=\"4852418\" data-element_type=\"widget\" data-e-type=\"widget\" data-widget_type=\"button.default\">\n\t\t\t\t<div class=\"elementor-widget-container\">\n\t\t\t\t\t\t\t\t\t<div class=\"elementor-button-wrapper\">\n\t\t\t\t\t<a class=\"elementor-button elementor-button-link elementor-size-sm\" href=\"https:\/\/arealsteel.pt\/en\/portefolio\/\">\n\t\t\t\t\t\t<span class=\"elementor-button-content-wrapper\">\n\t\t\t\t\t\t\t\t\t<span class=\"elementor-button-text\">KNOW MORE \u00bb\u00bb<\/span>\n\t\t\t\t\t<\/span>\n\t\t\t\t\t<\/a>\n\t\t\t\t<\/div>\n\t\t\t\t\t\t\t\t<\/div>\n\t\t\t\t<\/div>\n\t\t\t\t<\/div>\n\t\t\t\t<\/div>\n\t\t\t\t<div class=\"elementor-element elementor-element-5c20e56 elementor-widget-divider--view-line elementor-widget elementor-widget-divider\" data-id=\"5c20e56\" data-element_type=\"widget\" data-e-type=\"widget\" data-widget_type=\"divider.default\">\n\t\t\t\t<div class=\"elementor-widget-container\">\n\t\t\t\t\t\t\t<div class=\"elementor-divider\">\n\t\t\t<span class=\"elementor-divider-separator\">\n\t\t\t\t\t\t<\/span>\n\t\t<\/div>\n\t\t\t\t\t\t<\/div>\n\t\t\t\t<\/div>\n\t\t\t\t<div class=\"elementor-element elementor-element-722620c elementor-widget elementor-widget-heading\" data-id=\"722620c\" data-element_type=\"widget\" data-e-type=\"widget\" data-widget_type=\"heading.default\">\n\t\t\t\t<div class=\"elementor-widget-container\">\n\t\t\t\t\t<h2 class=\"elementor-heading-title elementor-size-default\">WE TRANSFORM INSPIRATION INTO ACTION<\/h2>\t\t\t\t<\/div>\n\t\t\t\t<\/div>\n\t\t\t\t<\/div>\n\t\t<div class=\"elementor-element elementor-element-2b2a33e e-con-full e-flex e-con e-child\" data-id=\"2b2a33e\" data-element_type=\"container\" data-e-type=\"container\" data-settings=\"{&quot;background_background&quot;:&quot;classic&quot;}\">\n\t\t<div class=\"elementor-element elementor-element-f1fb842 e-con-full e-flex e-con e-child\" data-id=\"f1fb842\" data-element_type=\"container\" data-e-type=\"container\">\n\t\t\t\t<div class=\"elementor-element elementor-element-1662d8e elementor-widget elementor-widget-heading\" data-id=\"1662d8e\" data-element_type=\"widget\" data-e-type=\"widget\" data-widget_type=\"heading.default\">\n\t\t\t\t<div class=\"elementor-widget-container\">\n\t\t\t\t\t<h3 class=\"elementor-heading-title elementor-size-default\"> ROOTS IN THE INDUSTRY AND LOOKING TO THE FUTURE\n<\/h3>\t\t\t\t<\/div>\n\t\t\t\t<\/div>\n\t\t\t\t<div class=\"elementor-element elementor-element-473f842 elementor-widget elementor-widget-heading\" data-id=\"473f842\" data-element_type=\"widget\" data-e-type=\"widget\" data-widget_type=\"heading.default\">\n\t\t\t\t<div class=\"elementor-widget-container\">\n\t\t\t\t\t<h4 class=\"elementor-heading-title elementor-size-default\"> VISION . MISSION . VALUES \n<\/h4>\t\t\t\t<\/div>\n\t\t\t\t<\/div>\n\t\t\t\t<div class=\"elementor-element elementor-element-2655120 elementor-widget elementor-widget-heading\" data-id=\"2655120\" data-element_type=\"widget\" data-e-type=\"widget\" data-widget_type=\"heading.default\">\n\t\t\t\t<div class=\"elementor-widget-container\">\n\t\t\t\t\t<h5 class=\"elementor-heading-title elementor-size-default\">Evolving over time, without losing its essence. \n<\/h5>\t\t\t\t<\/div>\n\t\t\t\t<\/div>\n\t\t\t\t<div class=\"elementor-element elementor-element-fe7befe elementor-widget elementor-widget-text-editor\" data-id=\"fe7befe\" data-element_type=\"widget\" data-e-type=\"widget\" data-widget_type=\"text-editor.default\">\n\t\t\t\t<div class=\"elementor-widget-container\">\n\t\t\t\t\t\t\t\t\t<p>AREALSTEEL embraces new realities, without ever forgetting the values \u200b\u200bthat define it. It was born from a company in constant transformation, but the essence remains the same: the search for excellence, the passion for metal and the commitment to customers.<\/p><p>\u00a0<\/p><p>A AREALSTEEL \u00e9 uma empresa jovem com uma equipa experiente. Trazemos connosco anos de pr\u00e1tica no setor da serralharia e metalomec\u00e2nica, com profissionais que j\u00e1 concretizaram dezenas de projetos em todo o pa\u00eds.<\/p><p>\u00a0<\/p><p>Com uma nova marca e uma vis\u00e3o renovada, mantemos o compromisso de sempre: qualidade, rigor e solu\u00e7\u00f5es \u00e0 medida.<br \/>Your partner\u00a0in\u00a0metal<\/p>\t\t\t\t\t\t\t\t<\/div>\n\t\t\t\t<\/div>\n\t\t\t\t<\/div>\n\t\t\t\t<\/div>\n\t\t\t\t<\/div>\n\t\t<div class=\"elementor-element elementor-element-af0bb97 e-con-full e-flex e-con e-parent\" data-id=\"af0bb97\" data-element_type=\"container\" data-e-type=\"container\" data-settings=\"{&quot;background_background&quot;:&quot;classic&quot;}\">\n\t\t\t\t<\/div>\n\t\t<div class=\"elementor-element elementor-element-f9d4f78 e-con-full e-flex e-con e-parent\" data-id=\"f9d4f78\" data-element_type=\"container\" data-e-type=\"container\">\n\t\t<div class=\"elementor-element elementor-element-4a8fb02 e-con-full e-flex e-con e-child\" data-id=\"4a8fb02\" data-element_type=\"container\" data-e-type=\"container\" data-settings=\"{&quot;background_background&quot;:&quot;classic&quot;}\">\n\t\t\t\t<div class=\"elementor-element elementor-element-d94b56f elementor-widget elementor-widget-heading\" data-id=\"d94b56f\" data-element_type=\"widget\" data-e-type=\"widget\" data-widget_type=\"heading.default\">\n\t\t\t\t<div class=\"elementor-widget-container\">\n\t\t\t\t\t<h2 class=\"elementor-heading-title elementor-size-default\">GET IN TOUCH<\/h2>\t\t\t\t<\/div>\n\t\t\t\t<\/div>\n\t\t\t\t<div class=\"elementor-element elementor-element-ce6c413 elementor-widget elementor-widget-text-editor\" data-id=\"ce6c413\" data-element_type=\"widget\" data-e-type=\"widget\" data-widget_type=\"text-editor.default\">\n\t\t\t\t<div class=\"elementor-widget-container\">\n\t\t\t\t\t\t\t\t\t<p><strong>Do you have a project in mind?<\/strong> Our team can help make it a reality. Get in touch and find out how we can help.<\/p>\t\t\t\t\t\t\t\t<\/div>\n\t\t\t\t<\/div>\n\t\t\t\t<div class=\"elementor-element elementor-element-25488ff elementor-widget elementor-widget-button\" data-id=\"25488ff\" data-element_type=\"widget\" data-e-type=\"widget\" data-widget_type=\"button.default\">\n\t\t\t\t<div class=\"elementor-widget-container\">\n\t\t\t\t\t\t\t\t\t<div class=\"elementor-button-wrapper\">\n\t\t\t\t\t<a class=\"elementor-button elementor-button-link elementor-size-sm\" href=\"https:\/\/arealsteel.pt\/en\/contactos\/\">\n\t\t\t\t\t\t<span class=\"elementor-button-content-wrapper\">\n\t\t\t\t\t\t\t\t\t<span class=\"elementor-button-text\">CONTACT US<\/span>\n\t\t\t\t\t<\/span>\n\t\t\t\t\t<\/a>\n\t\t\t\t<\/div>\n\t\t\t\t\t\t\t\t<\/div>\n\t\t\t\t<\/div>\n\t\t\t\t<\/div>\n\t\t\t\t<\/div>\n\t\t<div class=\"elementor-element elementor-element-dd3a412 e-con-full e-flex e-con e-parent\" data-id=\"dd3a412\" data-element_type=\"container\" data-e-type=\"container\" data-settings=\"{&quot;background_background&quot;:&quot;classic&quot;}\">\n\t\t<div class=\"elementor-element elementor-element-1f013c1 e-grid e-con-full e-con e-child\" data-id=\"1f013c1\" data-element_type=\"container\" data-e-type=\"container\">\n\t\t\t\t<div class=\"elementor-element elementor-element-c56ee3f elementor-position-top elementor-widget elementor-widget-image-box\" data-id=\"c56ee3f\" data-element_type=\"widget\" data-e-type=\"widget\" data-widget_type=\"image-box.default\">\n\t\t\t\t<div class=\"elementor-widget-container\">\n\t\t\t\t\t<div class=\"elementor-image-box-wrapper\"><figure class=\"elementor-image-box-img\"><img decoding=\"async\" width=\"84\" height=\"83\" src=\"https:\/\/arealsteel.pt\/wp-content\/uploads\/2024\/10\/HOME_AREAPRODUCAO.svg\" class=\"attachment-full size-full wp-image-261\" alt=\"\" \/><\/figure><div class=\"elementor-image-box-content\"><h3 class=\"elementor-image-box-title\"> Production Area<\/h3><p class=\"elementor-image-box-description\">3.500 m2<\/p><\/div><\/div>\t\t\t\t<\/div>\n\t\t\t\t<\/div>\n\t\t\t\t<div class=\"elementor-element elementor-element-7300b2f elementor-position-top elementor-widget elementor-widget-image-box\" data-id=\"7300b2f\" data-element_type=\"widget\" data-e-type=\"widget\" data-widget_type=\"image-box.default\">\n\t\t\t\t<div class=\"elementor-widget-container\">\n\t\t\t\t\t<div class=\"elementor-image-box-wrapper\"><figure class=\"elementor-image-box-img\"><img decoding=\"async\" width=\"84\" height=\"84\" src=\"https:\/\/arealsteel.pt\/wp-content\/uploads\/2024\/10\/FUNCIONAROS.svg\" class=\"attachment-full size-full wp-image-260\" alt=\"\" \/><\/figure><div class=\"elementor-image-box-content\"><h3 class=\"elementor-image-box-title\"> Employees<\/h3><p class=\"elementor-image-box-description\">45<\/p><\/div><\/div>\t\t\t\t<\/div>\n\t\t\t\t<\/div>\n\t\t\t\t<div class=\"elementor-element elementor-element-0e0175a elementor-position-top elementor-widget elementor-widget-image-box\" data-id=\"0e0175a\" data-element_type=\"widget\" data-e-type=\"widget\" data-widget_type=\"image-box.default\">\n\t\t\t\t<div class=\"elementor-widget-container\">\n\t\t\t\t\t<div class=\"elementor-image-box-wrapper\"><figure class=\"elementor-image-box-img\"><img decoding=\"async\" width=\"84\" height=\"84\" src=\"https:\/\/arealsteel.pt\/wp-content\/uploads\/2024\/10\/SATISFACAO.svg\" class=\"attachment-full size-full wp-image-262\" alt=\"\" \/><\/figure><div class=\"elementor-image-box-content\"><h3 class=\"elementor-image-box-title\"> Satisfied Customers<\/h3><p class=\"elementor-image-box-description\">125<\/p><\/div><\/div>\t\t\t\t<\/div>\n\t\t\t\t<\/div>\n\t\t\t\t<\/div>\n\t\t\t\t<\/div>\n\t\t<div class=\"elementor-element elementor-element-d2c1ea8 e-flex e-con-boxed e-con e-parent\" data-id=\"d2c1ea8\" data-element_type=\"container\" data-e-type=\"container\">\n\t\t\t\t\t<div class=\"e-con-inner\">\n\t\t\t\t\t<\/div>\n\t\t\t\t<\/div>\n\t\t\t\t<\/div>","protected":false},"excerpt":{"rendered":"<p>PORTEF\u00d3LIO VER MAIS \u00bb\u00bb TRANSFORMAMOS INSPIRA\u00c7\u00c3O EM A\u00c7\u00c3O RA\u00cdZES NA IND\u00daSTRIA E COM O OLHAR NO FUTURO VIS\u00c3O . MISS\u00c3O . VALORES Evoluindo com o tempo, sem perder a ess\u00eancia. A AREALSTEEL abra\u00e7a novas realidades, sem nunca se esquecer dos valores que a definem. Nasce de uma empresa em constante transforma\u00e7\u00e3o, mas a ess\u00eancia permanece [&hellip;]<\/p>\n","protected":false},"author":2,"featured_media":0,"parent":0,"menu_order":0,"comment_status":"closed","ping_status":"closed","template":"","meta":{"inline_featured_image":false,"footnotes":""},"class_list":["post-18","page","type-page","status-publish","hentry"],"yoast_head":"<!-- This site is optimized with the Yoast SEO plugin v27.1.1 - https:\/\/yoast.com\/product\/yoast-seo-wordpress\/ -->\n<title>HOME - Arealsteel<\/title>\n<meta name=\"robots\" content=\"index, follow, max-snippet:-1, max-image-preview:large, max-video-preview:-1\" \/>\n<link rel=\"canonical\" href=\"https:\/\/arealsteel.pt\/en\/\" \/>\n<meta property=\"og:locale\" content=\"en_GB\" \/>\n<meta property=\"og:type\" content=\"article\" \/>\n<meta property=\"og:title\" content=\"HOME - Arealsteel\" \/>\n<meta property=\"og:description\" content=\"PORTEF\u00d3LIO VER MAIS \u00bb\u00bb TRANSFORMAMOS INSPIRA\u00c7\u00c3O EM A\u00c7\u00c3O RA\u00cdZES NA IND\u00daSTRIA E COM O OLHAR NO FUTURO VIS\u00c3O . MISS\u00c3O . VALORES Evoluindo com o tempo, sem perder a ess\u00eancia. A AREALSTEEL abra\u00e7a novas realidades, sem nunca se esquecer dos valores que a definem. Nasce de uma empresa em constante transforma\u00e7\u00e3o, mas a ess\u00eancia permanece [&hellip;]\" \/>\n<meta property=\"og:url\" content=\"https:\/\/arealsteel.pt\/en\/\" \/>\n<meta property=\"og:site_name\" content=\"Arealsteel\" \/>\n<meta property=\"article:modified_time\" content=\"2025-04-04T09:44:30+00:00\" \/>\n<meta property=\"og:image\" content=\"https:\/\/arealsteel.pt\/wp-content\/uploads\/2024\/10\/AREALSTEEL-white-.png\" \/>\n<meta name=\"twitter:card\" content=\"summary_large_image\" \/>\n<meta name=\"twitter:label1\" content=\"Estimated reading time\" \/>\n\t<meta name=\"twitter:data1\" content=\"4 minutes\" \/>\n<script type=\"application\/ld+json\" class=\"yoast-schema-graph\">{\"@context\":\"https:\/\/schema.org\",\"@graph\":[{\"@type\":\"WebPage\",\"@id\":\"https:\/\/arealsteel.pt\/\",\"url\":\"https:\/\/arealsteel.pt\/\",\"name\":\"HOME - Arealsteel\",\"isPartOf\":{\"@id\":\"https:\/\/arealsteel.pt\/#website\"},\"primaryImageOfPage\":{\"@id\":\"https:\/\/arealsteel.pt\/#primaryimage\"},\"image\":{\"@id\":\"https:\/\/arealsteel.pt\/#primaryimage\"},\"thumbnailUrl\":\"https:\/\/arealsteel.pt\/wp-content\/uploads\/2024\/10\/AREALSTEEL-white-.png\",\"datePublished\":\"2024-10-17T16:38:02+00:00\",\"dateModified\":\"2025-04-04T09:44:30+00:00\",\"breadcrumb\":{\"@id\":\"https:\/\/arealsteel.pt\/#breadcrumb\"},\"inLanguage\":\"en-GB\",\"potentialAction\":[{\"@type\":\"ReadAction\",\"target\":[\"https:\/\/arealsteel.pt\/\"]}]},{\"@type\":\"ImageObject\",\"inLanguage\":\"en-GB\",\"@id\":\"https:\/\/arealsteel.pt\/#primaryimage\",\"url\":\"https:\/\/arealsteel.pt\/wp-content\/uploads\/2024\/10\/AREALSTEEL-white-.png\",\"contentUrl\":\"https:\/\/arealsteel.pt\/wp-content\/uploads\/2024\/10\/AREALSTEEL-white-.png\"},{\"@type\":\"BreadcrumbList\",\"@id\":\"https:\/\/arealsteel.pt\/#breadcrumb\",\"itemListElement\":[{\"@type\":\"ListItem\",\"position\":1,\"name\":\"In\u00edcio\",\"item\":\"https:\/\/arealsteel.pt\/\"},{\"@type\":\"ListItem\",\"position\":2,\"name\":\"HOME\"}]},{\"@type\":\"WebSite\",\"@id\":\"https:\/\/arealsteel.pt\/#website\",\"url\":\"https:\/\/arealsteel.pt\/\",\"name\":\"Arealsteel\",\"description\":\"\",\"publisher\":{\"@id\":\"https:\/\/arealsteel.pt\/#organization\"},\"potentialAction\":[{\"@type\":\"SearchAction\",\"target\":{\"@type\":\"EntryPoint\",\"urlTemplate\":\"https:\/\/arealsteel.pt\/?s={search_term_string}\"},\"query-input\":{\"@type\":\"PropertyValueSpecification\",\"valueRequired\":true,\"valueName\":\"search_term_string\"}}],\"inLanguage\":\"en-GB\"},{\"@type\":\"Organization\",\"@id\":\"https:\/\/arealsteel.pt\/#organization\",\"name\":\"Arealsteel\",\"url\":\"https:\/\/arealsteel.pt\/\",\"logo\":{\"@type\":\"ImageObject\",\"inLanguage\":\"en-GB\",\"@id\":\"https:\/\/arealsteel.pt\/#\/schema\/logo\/image\/\",\"url\":\"https:\/\/arealsteel.pt\/wp-content\/uploads\/2024\/10\/AREALSTEEL-white-.png\",\"contentUrl\":\"https:\/\/arealsteel.pt\/wp-content\/uploads\/2024\/10\/AREALSTEEL-white-.png\",\"width\":899,\"height\":140,\"caption\":\"Arealsteel\"},\"image\":{\"@id\":\"https:\/\/arealsteel.pt\/#\/schema\/logo\/image\/\"}}]}<\/script>\n<!-- \/ Yoast SEO plugin. -->","yoast_head_json":{"title":"HOME - Arealsteel","robots":{"index":"index","follow":"follow","max-snippet":"max-snippet:-1","max-image-preview":"max-image-preview:large","max-video-preview":"max-video-preview:-1"},"canonical":"https:\/\/arealsteel.pt\/en\/","og_locale":"en_GB","og_type":"article","og_title":"HOME - Arealsteel","og_description":"PORTEF\u00d3LIO VER MAIS \u00bb\u00bb TRANSFORMAMOS INSPIRA\u00c7\u00c3O EM A\u00c7\u00c3O RA\u00cdZES NA IND\u00daSTRIA E COM O OLHAR NO FUTURO VIS\u00c3O . MISS\u00c3O . VALORES Evoluindo com o tempo, sem perder a ess\u00eancia. A AREALSTEEL abra\u00e7a novas realidades, sem nunca se esquecer dos valores que a definem. Nasce de uma empresa em constante transforma\u00e7\u00e3o, mas a ess\u00eancia permanece [&hellip;]","og_url":"https:\/\/arealsteel.pt\/en\/","og_site_name":"Arealsteel","article_modified_time":"2025-04-04T09:44:30+00:00","og_image":[{"url":"https:\/\/arealsteel.pt\/wp-content\/uploads\/2024\/10\/AREALSTEEL-white-.png","type":"","width":"","height":""}],"twitter_card":"summary_large_image","twitter_misc":{"Estimated reading time":"4 minutes"},"schema":{"@context":"https:\/\/schema.org","@graph":[{"@type":"WebPage","@id":"https:\/\/arealsteel.pt\/","url":"https:\/\/arealsteel.pt\/","name":"HOME - Arealsteel","isPartOf":{"@id":"https:\/\/arealsteel.pt\/#website"},"primaryImageOfPage":{"@id":"https:\/\/arealsteel.pt\/#primaryimage"},"image":{"@id":"https:\/\/arealsteel.pt\/#primaryimage"},"thumbnailUrl":"https:\/\/arealsteel.pt\/wp-content\/uploads\/2024\/10\/AREALSTEEL-white-.png","datePublished":"2024-10-17T16:38:02+00:00","dateModified":"2025-04-04T09:44:30+00:00","breadcrumb":{"@id":"https:\/\/arealsteel.pt\/#breadcrumb"},"inLanguage":"en-GB","potentialAction":[{"@type":"ReadAction","target":["https:\/\/arealsteel.pt\/"]}]},{"@type":"ImageObject","inLanguage":"en-GB","@id":"https:\/\/arealsteel.pt\/#primaryimage","url":"https:\/\/arealsteel.pt\/wp-content\/uploads\/2024\/10\/AREALSTEEL-white-.png","contentUrl":"https:\/\/arealsteel.pt\/wp-content\/uploads\/2024\/10\/AREALSTEEL-white-.png"},{"@type":"BreadcrumbList","@id":"https:\/\/arealsteel.pt\/#breadcrumb","itemListElement":[{"@type":"ListItem","position":1,"name":"In\u00edcio","item":"https:\/\/arealsteel.pt\/"},{"@type":"ListItem","position":2,"name":"HOME"}]},{"@type":"WebSite","@id":"https:\/\/arealsteel.pt\/#website","url":"https:\/\/arealsteel.pt\/","name":"Arealsteel","description":"","publisher":{"@id":"https:\/\/arealsteel.pt\/#organization"},"potentialAction":[{"@type":"SearchAction","target":{"@type":"EntryPoint","urlTemplate":"https:\/\/arealsteel.pt\/?s={search_term_string}"},"query-input":{"@type":"PropertyValueSpecification","valueRequired":true,"valueName":"search_term_string"}}],"inLanguage":"en-GB"},{"@type":"Organization","@id":"https:\/\/arealsteel.pt\/#organization","name":"Arealsteel","url":"https:\/\/arealsteel.pt\/","logo":{"@type":"ImageObject","inLanguage":"en-GB","@id":"https:\/\/arealsteel.pt\/#\/schema\/logo\/image\/","url":"https:\/\/arealsteel.pt\/wp-content\/uploads\/2024\/10\/AREALSTEEL-white-.png","contentUrl":"https:\/\/arealsteel.pt\/wp-content\/uploads\/2024\/10\/AREALSTEEL-white-.png","width":899,"height":140,"caption":"Arealsteel"},"image":{"@id":"https:\/\/arealsteel.pt\/#\/schema\/logo\/image\/"}}]}},"_links":{"self":[{"href":"https:\/\/arealsteel.pt\/en\/wp-json\/wp\/v2\/pages\/18","targetHints":{"allow":["GET"]}}],"collection":[{"href":"https:\/\/arealsteel.pt\/en\/wp-json\/wp\/v2\/pages"}],"about":[{"href":"https:\/\/arealsteel.pt\/en\/wp-json\/wp\/v2\/types\/page"}],"author":[{"embeddable":true,"href":"https:\/\/arealsteel.pt\/en\/wp-json\/wp\/v2\/users\/2"}],"replies":[{"embeddable":true,"href":"https:\/\/arealsteel.pt\/en\/wp-json\/wp\/v2\/comments?post=18"}],"version-history":[{"count":407,"href":"https:\/\/arealsteel.pt\/en\/wp-json\/wp\/v2\/pages\/18\/revisions"}],"predecessor-version":[{"id":2133,"href":"https:\/\/arealsteel.pt\/en\/wp-json\/wp\/v2\/pages\/18\/revisions\/2133"}],"wp:attachment":[{"href":"https:\/\/arealsteel.pt\/en\/wp-json\/wp\/v2\/media?parent=18"}],"curies":[{"name":"wp","href":"https:\/\/api.w.org\/{rel}","templated":true}]}}