{"id":51,"date":"2024-10-19T05:57:49","date_gmt":"2024-10-19T05:57:49","guid":{"rendered":"https:\/\/arealsteel.hdonline.pt\/?page_id=51"},"modified":"2025-07-19T20:32:47","modified_gmt":"2025-07-19T20:32:47","slug":"portefolio","status":"publish","type":"page","link":"https:\/\/arealsteel.pt\/en\/portefolio\/","title":{"rendered":"PORTFOLIO"},"content":{"rendered":"<div data-elementor-type=\"wp-page\" data-elementor-id=\"51\" class=\"elementor elementor-51\" data-elementor-post-type=\"page\">\n\t\t\t\t<div class=\"elementor-element elementor-element-315926f e-con-full e-flex e-con e-parent\" data-id=\"315926f\" data-element_type=\"container\" data-e-type=\"container\" data-settings=\"{&quot;background_background&quot;:&quot;classic&quot;}\">\n\t\t\t\t<div class=\"elementor-element elementor-element-9aff902 elementor-widget elementor-widget-image\" data-id=\"9aff902\" data-element_type=\"widget\" data-e-type=\"widget\" data-widget_type=\"image.default\">\n\t\t\t\t<div class=\"elementor-widget-container\">\n\t\t\t\t\t\t\t\t\t\t\t\t\t\t\t<img fetchpriority=\"high\" decoding=\"async\" width=\"800\" height=\"125\" src=\"https:\/\/arealsteel.pt\/wp-content\/uploads\/2024\/10\/AREALSTEEL-white-.png\" class=\"attachment-large size-large wp-image-1045\" alt=\"\" srcset=\"https:\/\/arealsteel.pt\/wp-content\/uploads\/2024\/10\/AREALSTEEL-white-.png 899w, https:\/\/arealsteel.pt\/wp-content\/uploads\/2024\/10\/AREALSTEEL-white--300x47.png 300w, https:\/\/arealsteel.pt\/wp-content\/uploads\/2024\/10\/AREALSTEEL-white--768x120.png 768w\" sizes=\"(max-width: 800px) 100vw, 800px\" \/>\t\t\t\t\t\t\t\t\t\t\t\t\t\t\t<\/div>\n\t\t\t\t<\/div>\n\t\t\t\t<\/div>\n\t\t<div class=\"elementor-element elementor-element-ab3e483 e-flex e-con-boxed e-con e-parent\" data-id=\"ab3e483\" data-element_type=\"container\" data-e-type=\"container\" data-settings=\"{&quot;background_background&quot;:&quot;classic&quot;}\">\n\t\t\t\t\t<div class=\"e-con-inner\">\n\t\t\t\t<div class=\"elementor-element elementor-element-ed84eed elementor-widget elementor-widget-heading\" data-id=\"ed84eed\" data-element_type=\"widget\" data-e-type=\"widget\" data-widget_type=\"heading.default\">\n\t\t\t\t<div class=\"elementor-widget-container\">\n\t\t\t\t\t<h2 class=\"elementor-heading-title elementor-size-default\">PORTFOLIO<\/h2>\t\t\t\t<\/div>\n\t\t\t\t<\/div>\n\t\t\t\t\t<\/div>\n\t\t\t\t<\/div>\n\t\t<div class=\"elementor-element elementor-element-e6cbd34 e-flex e-con-boxed e-con e-parent\" data-id=\"e6cbd34\" data-element_type=\"container\" data-e-type=\"container\">\n\t\t\t\t\t<div class=\"e-con-inner\">\n\t\t<div class=\"elementor-element elementor-element-2cad9a5 e-con-full e-flex e-con e-child\" data-id=\"2cad9a5\" data-element_type=\"container\" data-e-type=\"container\">\n\t\t<div class=\"elementor-element elementor-element-38b4c6a e-con-full e-flex e-con e-child\" data-id=\"38b4c6a\" data-element_type=\"container\" data-e-type=\"container\">\n\t\t\t\t<div class=\"elementor-element elementor-element-1beb5d4 elementor-widget elementor-widget-heading\" data-id=\"1beb5d4\" data-element_type=\"widget\" data-e-type=\"widget\" data-widget_type=\"heading.default\">\n\t\t\t\t<div class=\"elementor-widget-container\">\n\t\t\t\t\t<h2 class=\"elementor-heading-title elementor-size-default\">\u2022  PROJECTS \u2022 \n<br>\u2022 ASBESTOS REMOVAL \u2022 <br>\u2022 INDUSTRIAL PAVILIONS \u2022 \n<br>\u2022 ALUMINIUM WORKS \u2022<\/h2>\t\t\t\t<\/div>\n\t\t\t\t<\/div>\n\t\t\t\t<\/div>\n\t\t<div class=\"elementor-element elementor-element-45f54cb e-flex e-con-boxed e-con e-child\" data-id=\"45f54cb\" data-element_type=\"container\" data-e-type=\"container\" data-settings=\"{&quot;background_background&quot;:&quot;classic&quot;}\">\n\t\t\t\t\t<div class=\"e-con-inner\">\n\t\t\t\t<div class=\"elementor-element elementor-element-0a228d5 elementor-widget elementor-widget-heading\" data-id=\"0a228d5\" data-element_type=\"widget\" data-e-type=\"widget\" data-widget_type=\"heading.default\">\n\t\t\t\t<div class=\"elementor-widget-container\">\n\t\t\t\t\t<h2 class=\"elementor-heading-title elementor-size-default\">PARTNERS<\/h2>\t\t\t\t<\/div>\n\t\t\t\t<\/div>\n\t\t\t\t\t<\/div>\n\t\t\t\t<\/div>\n\t\t<div class=\"elementor-element elementor-element-72aa662 e-con-full e-flex e-con e-child\" data-id=\"72aa662\" data-element_type=\"container\" data-e-type=\"container\">\n\t\t\t\t<div class=\"elementor-element elementor-element-a5e00c0 elementor-widget elementor-widget-gallery\" data-id=\"a5e00c0\" data-element_type=\"widget\" data-e-type=\"widget\" data-settings=\"{&quot;aspect_ratio&quot;:&quot;1:1&quot;,&quot;image_hover_animation&quot;:&quot;grow&quot;,&quot;lazyload&quot;:&quot;yes&quot;,&quot;gallery_layout&quot;:&quot;grid&quot;,&quot;columns&quot;:4,&quot;columns_tablet&quot;:2,&quot;columns_mobile&quot;:1,&quot;gap&quot;:{&quot;unit&quot;:&quot;px&quot;,&quot;size&quot;:10,&quot;sizes&quot;:[]},&quot;gap_tablet&quot;:{&quot;unit&quot;:&quot;px&quot;,&quot;size&quot;:10,&quot;sizes&quot;:[]},&quot;gap_mobile&quot;:{&quot;unit&quot;:&quot;px&quot;,&quot;size&quot;:10,&quot;sizes&quot;:[]},&quot;content_hover_animation&quot;:&quot;fade-in&quot;}\" data-widget_type=\"gallery.default\">\n\t\t\t\t<div class=\"elementor-widget-container\">\n\t\t\t\t\t\t\t<div class=\"elementor-gallery__container\">\n\t\t\t\t\t\t\t<div class=\"e-gallery-item elementor-gallery-item elementor-animated-content\">\n\t\t\t\t\t<div class=\"e-gallery-image elementor-gallery-item__image\" data-thumbnail=\"https:\/\/arealsteel.pt\/wp-content\/uploads\/2025\/03\/metalogalva-256.jpg\" data-width=\"256\" data-height=\"256\" aria-label=\"\" role=\"img\" ><\/div>\n\t\t\t\t\t\t\t\t\t\t\t\t\t\t<\/div>\n\t\t\t\t\t\t\t<div class=\"e-gallery-item elementor-gallery-item elementor-animated-content\">\n\t\t\t\t\t<div class=\"e-gallery-image elementor-gallery-item__image\" data-thumbnail=\"https:\/\/arealsteel.pt\/wp-content\/uploads\/2025\/03\/oasipor-256.jpg\" data-width=\"256\" data-height=\"256\" aria-label=\"\" role=\"img\" ><\/div>\n\t\t\t\t\t\t\t\t\t\t\t\t\t\t<\/div>\n\t\t\t\t\t\t\t<div class=\"e-gallery-item elementor-gallery-item elementor-animated-content\">\n\t\t\t\t\t<div class=\"e-gallery-image elementor-gallery-item__image\" data-thumbnail=\"https:\/\/arealsteel.pt\/wp-content\/uploads\/2025\/03\/nip-256.jpg\" data-width=\"256\" data-height=\"256\" aria-label=\"\" role=\"img\" ><\/div>\n\t\t\t\t\t\t\t\t\t\t\t\t\t\t<\/div>\n\t\t\t\t\t\t\t<div class=\"e-gallery-item elementor-gallery-item elementor-animated-content\">\n\t\t\t\t\t<div class=\"e-gallery-image elementor-gallery-item__image\" data-thumbnail=\"https:\/\/arealsteel.pt\/wp-content\/uploads\/2025\/03\/vilanova-256.jpg\" data-width=\"256\" data-height=\"256\" aria-label=\"\" role=\"img\" ><\/div>\n\t\t\t\t\t\t\t\t\t\t\t\t\t\t<\/div>\n\t\t\t\t\t\t\t<div class=\"e-gallery-item elementor-gallery-item elementor-animated-content\">\n\t\t\t\t\t<div class=\"e-gallery-image elementor-gallery-item__image\" data-thumbnail=\"https:\/\/arealsteel.pt\/wp-content\/uploads\/2025\/03\/grupo-CCR-256.jpg\" data-width=\"256\" data-height=\"256\" aria-label=\"\" role=\"img\" ><\/div>\n\t\t\t\t\t\t\t\t\t\t\t\t\t\t<\/div>\n\t\t\t\t\t\t\t<div class=\"e-gallery-item elementor-gallery-item elementor-animated-content\">\n\t\t\t\t\t<div class=\"e-gallery-image elementor-gallery-item__image\" data-thumbnail=\"https:\/\/arealsteel.pt\/wp-content\/uploads\/2025\/03\/edilages-256.jpg\" data-width=\"256\" data-height=\"256\" aria-label=\"\" role=\"img\" ><\/div>\n\t\t\t\t\t\t\t\t\t\t\t\t\t\t<\/div>\n\t\t\t\t\t\t\t<div class=\"e-gallery-item elementor-gallery-item elementor-animated-content\">\n\t\t\t\t\t<div class=\"e-gallery-image elementor-gallery-item__image\" data-thumbnail=\"https:\/\/arealsteel.pt\/wp-content\/uploads\/2025\/03\/brasmar-256.jpg\" data-width=\"256\" data-height=\"256\" aria-label=\"\" role=\"img\" ><\/div>\n\t\t\t\t\t\t\t\t\t\t\t\t\t\t<\/div>\n\t\t\t\t\t\t\t<div class=\"e-gallery-item elementor-gallery-item elementor-animated-content\">\n\t\t\t\t\t<div class=\"e-gallery-image elementor-gallery-item__image\" data-thumbnail=\"https:\/\/arealsteel.pt\/wp-content\/uploads\/2025\/03\/vigent-group-256.jpg\" data-width=\"256\" data-height=\"256\" aria-label=\"\" role=\"img\" ><\/div>\n\t\t\t\t\t\t\t\t\t\t\t\t\t\t<\/div>\n\t\t\t\t\t\t\t<div class=\"e-gallery-item elementor-gallery-item elementor-animated-content\">\n\t\t\t\t\t<div class=\"e-gallery-image elementor-gallery-item__image\" data-thumbnail=\"https:\/\/arealsteel.pt\/wp-content\/uploads\/2025\/03\/mercainox-256.jpg\" data-width=\"256\" data-height=\"256\" aria-label=\"\" role=\"img\" ><\/div>\n\t\t\t\t\t\t\t\t\t\t\t\t\t\t<\/div>\n\t\t\t\t\t\t\t<div class=\"e-gallery-item elementor-gallery-item elementor-animated-content\">\n\t\t\t\t\t<div class=\"e-gallery-image elementor-gallery-item__image\" data-thumbnail=\"https:\/\/arealsteel.pt\/wp-content\/uploads\/2025\/03\/spintos-256.jpg\" data-width=\"256\" data-height=\"256\" aria-label=\"\" role=\"img\" ><\/div>\n\t\t\t\t\t\t\t\t\t\t\t\t\t\t<\/div>\n\t\t\t\t\t\t\t<div class=\"e-gallery-item elementor-gallery-item elementor-animated-content\">\n\t\t\t\t\t<div class=\"e-gallery-image elementor-gallery-item__image\" data-thumbnail=\"https:\/\/arealsteel.pt\/wp-content\/uploads\/2025\/03\/fsm-256.jpg\" data-width=\"256\" data-height=\"256\" aria-label=\"\" role=\"img\" ><\/div>\n\t\t\t\t\t\t\t\t\t\t\t\t\t\t<\/div>\n\t\t\t\t\t\t\t<div class=\"e-gallery-item elementor-gallery-item elementor-animated-content\">\n\t\t\t\t\t<div class=\"e-gallery-image elementor-gallery-item__image\" data-thumbnail=\"https:\/\/arealsteel.pt\/wp-content\/uploads\/2025\/03\/gravotextil-256_2.jpg\" data-width=\"256\" data-height=\"256\" aria-label=\"\" role=\"img\" ><\/div>\n\t\t\t\t\t\t\t\t\t\t\t\t\t\t<\/div>\n\t\t\t\t\t\t\t<div class=\"e-gallery-item elementor-gallery-item elementor-animated-content\">\n\t\t\t\t\t<div class=\"e-gallery-image elementor-gallery-item__image\" data-thumbnail=\"https:\/\/arealsteel.pt\/wp-content\/uploads\/2025\/03\/CJSS-256.jpg\" data-width=\"256\" data-height=\"256\" aria-label=\"\" role=\"img\" ><\/div>\n\t\t\t\t\t\t\t\t\t\t\t\t\t\t<\/div>\n\t\t\t\t\t\t\t<div class=\"e-gallery-item elementor-gallery-item elementor-animated-content\">\n\t\t\t\t\t<div class=\"e-gallery-image elementor-gallery-item__image\" data-thumbnail=\"https:\/\/arealsteel.pt\/wp-content\/uploads\/2025\/03\/pconcept-256.jpg\" data-width=\"256\" data-height=\"256\" aria-label=\"\" role=\"img\" ><\/div>\n\t\t\t\t\t\t\t\t\t\t\t\t\t\t<\/div>\n\t\t\t\t\t\t\t<div class=\"e-gallery-item elementor-gallery-item elementor-animated-content\">\n\t\t\t\t\t<div class=\"e-gallery-image elementor-gallery-item__image\" data-thumbnail=\"https:\/\/arealsteel.pt\/wp-content\/uploads\/2025\/03\/cosmocar-256.jpg\" data-width=\"256\" data-height=\"256\" aria-label=\"\" role=\"img\" ><\/div>\n\t\t\t\t\t\t\t\t\t\t\t\t\t\t<\/div>\n\t\t\t\t\t\t\t<div class=\"e-gallery-item elementor-gallery-item elementor-animated-content\">\n\t\t\t\t\t<div class=\"e-gallery-image elementor-gallery-item__image\" data-thumbnail=\"https:\/\/arealsteel.pt\/wp-content\/uploads\/2025\/03\/davitex-256.jpg\" data-width=\"256\" data-height=\"256\" aria-label=\"\" role=\"img\" ><\/div>\n\t\t\t\t\t\t\t\t\t\t\t\t\t\t<\/div>\n\t\t\t\t\t\t\t<div class=\"e-gallery-item elementor-gallery-item elementor-animated-content\">\n\t\t\t\t\t<div class=\"e-gallery-image elementor-gallery-item__image\" data-thumbnail=\"https:\/\/arealsteel.pt\/wp-content\/uploads\/2025\/03\/eletrofer-256.jpg\" data-width=\"256\" data-height=\"256\" aria-label=\"\" role=\"img\" ><\/div>\n\t\t\t\t\t\t\t\t\t\t\t\t\t\t<\/div>\n\t\t\t\t\t\t\t<div class=\"e-gallery-item elementor-gallery-item elementor-animated-content\">\n\t\t\t\t\t<div class=\"e-gallery-image elementor-gallery-item__image\" data-thumbnail=\"https:\/\/arealsteel.pt\/wp-content\/uploads\/2025\/03\/XAVIER-MENESES-256.jpg\" data-width=\"256\" data-height=\"256\" aria-label=\"\" role=\"img\" ><\/div>\n\t\t\t\t\t\t\t\t\t\t\t\t\t\t<\/div>\n\t\t\t\t\t\t\t<div class=\"e-gallery-item elementor-gallery-item elementor-animated-content\">\n\t\t\t\t\t<div class=\"e-gallery-image elementor-gallery-item__image\" data-thumbnail=\"https:\/\/arealsteel.pt\/wp-content\/uploads\/2025\/03\/imc-256.jpg\" data-width=\"256\" data-height=\"256\" aria-label=\"\" role=\"img\" ><\/div>\n\t\t\t\t\t\t\t\t\t\t\t\t\t\t<\/div>\n\t\t\t\t\t\t\t<div class=\"e-gallery-item elementor-gallery-item elementor-animated-content\">\n\t\t\t\t\t<div class=\"e-gallery-image elementor-gallery-item__image\" data-thumbnail=\"https:\/\/arealsteel.pt\/wp-content\/uploads\/2025\/07\/galvaza-logo.jpg\" data-width=\"256\" data-height=\"256\" aria-label=\"\" role=\"img\" ><\/div>\n\t\t\t\t\t\t\t\t\t\t\t\t\t\t<\/div>\n\t\t\t\t\t\t\t<div class=\"e-gallery-item elementor-gallery-item elementor-animated-content\">\n\t\t\t\t\t<div class=\"e-gallery-image elementor-gallery-item__image\" data-thumbnail=\"https:\/\/arealsteel.pt\/wp-content\/uploads\/2025\/07\/VLB-group.jpg\" data-width=\"256\" data-height=\"256\" aria-label=\"\" role=\"img\" ><\/div>\n\t\t\t\t\t\t\t\t\t\t\t\t\t\t<\/div>\n\t\t\t\t\t\t\t<div class=\"e-gallery-item elementor-gallery-item elementor-animated-content\">\n\t\t\t\t\t<div class=\"e-gallery-image elementor-gallery-item__image\" data-thumbnail=\"https:\/\/arealsteel.pt\/wp-content\/uploads\/2025\/07\/oreco-balgon.jpg\" data-width=\"256\" data-height=\"256\" aria-label=\"\" role=\"img\" ><\/div>\n\t\t\t\t\t\t\t\t\t\t\t\t\t\t<\/div>\n\t\t\t\t\t\t\t<div class=\"e-gallery-item elementor-gallery-item elementor-animated-content\">\n\t\t\t\t\t<div class=\"e-gallery-image elementor-gallery-item__image\" data-thumbnail=\"https:\/\/arealsteel.pt\/wp-content\/uploads\/2025\/07\/guacamaia.jpg\" data-width=\"256\" data-height=\"256\" aria-label=\"\" role=\"img\" ><\/div>\n\t\t\t\t\t\t\t\t\t\t\t\t\t\t<\/div>\n\t\t\t\t\t\t\t<div class=\"e-gallery-item elementor-gallery-item elementor-animated-content\">\n\t\t\t\t\t<div class=\"e-gallery-image elementor-gallery-item__image\" data-thumbnail=\"https:\/\/arealsteel.pt\/wp-content\/uploads\/2025\/07\/grupeirxe.jpg\" data-width=\"256\" data-height=\"256\" aria-label=\"\" role=\"img\" ><\/div>\n\t\t\t\t\t\t\t\t\t\t\t\t\t\t<\/div>\n\t\t\t\t\t<\/div>\n\t\t\t\t\t<\/div>\n\t\t\t\t<\/div>\n\t\t\t\t<\/div>\n\t\t\t\t<\/div>\n\t\t\t\t\t<\/div>\n\t\t\t\t<\/div>\n\t\t<div class=\"elementor-element elementor-element-3506301 e-con-full e-flex e-con e-parent\" data-id=\"3506301\" data-element_type=\"container\" data-e-type=\"container\" data-settings=\"{&quot;background_background&quot;:&quot;classic&quot;}\">\n\t\t<div class=\"elementor-element elementor-element-5f904c1 e-grid e-con-full e-con e-child\" data-id=\"5f904c1\" data-element_type=\"container\" data-e-type=\"container\">\n\t\t\t\t<div class=\"elementor-element elementor-element-6ef1d20 elementor-position-top elementor-widget elementor-widget-image-box\" data-id=\"6ef1d20\" data-element_type=\"widget\" data-e-type=\"widget\" data-widget_type=\"image-box.default\">\n\t\t\t\t<div class=\"elementor-widget-container\">\n\t\t\t\t\t<div class=\"elementor-image-box-wrapper\"><figure class=\"elementor-image-box-img\"><img decoding=\"async\" width=\"84\" height=\"83\" src=\"https:\/\/arealsteel.pt\/wp-content\/uploads\/2024\/10\/HOME_AREAPRODUCAO.svg\" class=\"attachment-full size-full wp-image-261\" alt=\"\" \/><\/figure><div class=\"elementor-image-box-content\"><h3 class=\"elementor-image-box-title\"> Production Area<\/h3><p class=\"elementor-image-box-description\">3.500 m2<\/p><\/div><\/div>\t\t\t\t<\/div>\n\t\t\t\t<\/div>\n\t\t\t\t<div class=\"elementor-element elementor-element-02ebb86 elementor-position-top elementor-widget elementor-widget-image-box\" data-id=\"02ebb86\" data-element_type=\"widget\" data-e-type=\"widget\" data-widget_type=\"image-box.default\">\n\t\t\t\t<div class=\"elementor-widget-container\">\n\t\t\t\t\t<div class=\"elementor-image-box-wrapper\"><figure class=\"elementor-image-box-img\"><img decoding=\"async\" width=\"84\" height=\"84\" src=\"https:\/\/arealsteel.pt\/wp-content\/uploads\/2024\/10\/FUNCIONAROS.svg\" class=\"attachment-full size-full wp-image-260\" alt=\"\" \/><\/figure><div class=\"elementor-image-box-content\"><h3 class=\"elementor-image-box-title\"> Employees<\/h3><p class=\"elementor-image-box-description\">45<\/p><\/div><\/div>\t\t\t\t<\/div>\n\t\t\t\t<\/div>\n\t\t\t\t<div class=\"elementor-element elementor-element-52e3567 elementor-position-top elementor-widget elementor-widget-image-box\" data-id=\"52e3567\" data-element_type=\"widget\" data-e-type=\"widget\" data-widget_type=\"image-box.default\">\n\t\t\t\t<div class=\"elementor-widget-container\">\n\t\t\t\t\t<div class=\"elementor-image-box-wrapper\"><figure class=\"elementor-image-box-img\"><img loading=\"lazy\" decoding=\"async\" width=\"84\" height=\"84\" src=\"https:\/\/arealsteel.pt\/wp-content\/uploads\/2024\/10\/SATISFACAO.svg\" class=\"attachment-full size-full wp-image-262\" alt=\"\" \/><\/figure><div class=\"elementor-image-box-content\"><h3 class=\"elementor-image-box-title\"> Satisfied Customers<\/h3><p class=\"elementor-image-box-description\">125<\/p><\/div><\/div>\t\t\t\t<\/div>\n\t\t\t\t<\/div>\n\t\t\t\t<\/div>\n\t\t\t\t<\/div>\n\t\t<div class=\"elementor-element elementor-element-47c5bc8 e-flex e-con-boxed e-con e-parent\" data-id=\"47c5bc8\" data-element_type=\"container\" data-e-type=\"container\">\n\t\t\t\t\t<div class=\"e-con-inner\">\n\t\t\t\t\t<\/div>\n\t\t\t\t<\/div>\n\t\t\t\t<\/div>","protected":false},"excerpt":{"rendered":"<p>PORTEF\u00d3LIO &#8226; PROJETOS &#8226; &#8226; RETIRADA DE AMIANTO &#8226; &#8226; PAVILH\u00d5ES INDUSTRIAIS &#8226; &#8226; TRABALHOS EM ALUM\u00cdNIO &#8226; PARCEIROS \u00c1rea de Produ\u00e7\u00e3o 3.500 m2 Funcion\u00e1rios 45 Clientes Satisfeitos 125<\/p>","protected":false},"author":2,"featured_media":0,"parent":0,"menu_order":0,"comment_status":"closed","ping_status":"closed","template":"","meta":{"inline_featured_image":false,"footnotes":""},"class_list":["post-51","page","type-page","status-publish","hentry"],"yoast_head":"<!-- This site is optimized with the Yoast SEO plugin v27.1.1 - https:\/\/yoast.com\/product\/yoast-seo-wordpress\/ -->\n<title>PORTEF\u00d3LIO - Arealsteel<\/title>\n<meta name=\"robots\" content=\"index, follow, max-snippet:-1, max-image-preview:large, max-video-preview:-1\" \/>\n<link rel=\"canonical\" href=\"https:\/\/arealsteel.pt\/en\/portefolio\/\" \/>\n<meta property=\"og:locale\" content=\"en_GB\" \/>\n<meta property=\"og:type\" content=\"article\" \/>\n<meta property=\"og:title\" content=\"PORTEF\u00d3LIO - Arealsteel\" \/>\n<meta property=\"og:description\" content=\"PORTEF\u00d3LIO &#8226; PROJETOS &#8226; &#8226; RETIRADA DE AMIANTO &#8226; &#8226; PAVILH\u00d5ES INDUSTRIAIS &#8226; &#8226; TRABALHOS EM ALUM\u00cdNIO &#8226; PARCEIROS \u00c1rea de Produ\u00e7\u00e3o 3.500 m2 Funcion\u00e1rios 45 Clientes Satisfeitos 125\" \/>\n<meta property=\"og:url\" content=\"https:\/\/arealsteel.pt\/en\/portefolio\/\" \/>\n<meta property=\"og:site_name\" content=\"Arealsteel\" \/>\n<meta property=\"article:modified_time\" content=\"2025-07-19T20:32:47+00:00\" \/>\n<meta property=\"og:image\" content=\"https:\/\/arealsteel.pt\/wp-content\/uploads\/2024\/10\/AREALSTEEL-white-.png\" \/>\n\t<meta property=\"og:image:width\" content=\"899\" \/>\n\t<meta property=\"og:image:height\" content=\"140\" \/>\n\t<meta property=\"og:image:type\" content=\"image\/png\" \/>\n<meta name=\"twitter:card\" content=\"summary_large_image\" \/>\n<meta name=\"twitter:label1\" content=\"Estimated reading time\" \/>\n\t<meta name=\"twitter:data1\" content=\"1 minute\" \/>\n<script type=\"application\/ld+json\" class=\"yoast-schema-graph\">{\"@context\":\"https:\/\/schema.org\",\"@graph\":[{\"@type\":\"WebPage\",\"@id\":\"https:\/\/arealsteel.pt\/portefolio\/\",\"url\":\"https:\/\/arealsteel.pt\/portefolio\/\",\"name\":\"PORTEF\u00d3LIO - Arealsteel\",\"isPartOf\":{\"@id\":\"https:\/\/arealsteel.pt\/#website\"},\"primaryImageOfPage\":{\"@id\":\"https:\/\/arealsteel.pt\/portefolio\/#primaryimage\"},\"image\":{\"@id\":\"https:\/\/arealsteel.pt\/portefolio\/#primaryimage\"},\"thumbnailUrl\":\"https:\/\/arealsteel.pt\/wp-content\/uploads\/2024\/10\/AREALSTEEL-white-.png\",\"datePublished\":\"2024-10-19T05:57:49+00:00\",\"dateModified\":\"2025-07-19T20:32:47+00:00\",\"breadcrumb\":{\"@id\":\"https:\/\/arealsteel.pt\/portefolio\/#breadcrumb\"},\"inLanguage\":\"en-GB\",\"potentialAction\":[{\"@type\":\"ReadAction\",\"target\":[\"https:\/\/arealsteel.pt\/portefolio\/\"]}]},{\"@type\":\"ImageObject\",\"inLanguage\":\"en-GB\",\"@id\":\"https:\/\/arealsteel.pt\/portefolio\/#primaryimage\",\"url\":\"https:\/\/arealsteel.pt\/wp-content\/uploads\/2024\/10\/AREALSTEEL-white-.png\",\"contentUrl\":\"https:\/\/arealsteel.pt\/wp-content\/uploads\/2024\/10\/AREALSTEEL-white-.png\"},{\"@type\":\"BreadcrumbList\",\"@id\":\"https:\/\/arealsteel.pt\/portefolio\/#breadcrumb\",\"itemListElement\":[{\"@type\":\"ListItem\",\"position\":1,\"name\":\"In\u00edcio\",\"item\":\"https:\/\/arealsteel.pt\/\"},{\"@type\":\"ListItem\",\"position\":2,\"name\":\"PORTEF\u00d3LIO\"}]},{\"@type\":\"WebSite\",\"@id\":\"https:\/\/arealsteel.pt\/#website\",\"url\":\"https:\/\/arealsteel.pt\/\",\"name\":\"Arealsteel\",\"description\":\"\",\"publisher\":{\"@id\":\"https:\/\/arealsteel.pt\/#organization\"},\"potentialAction\":[{\"@type\":\"SearchAction\",\"target\":{\"@type\":\"EntryPoint\",\"urlTemplate\":\"https:\/\/arealsteel.pt\/?s={search_term_string}\"},\"query-input\":{\"@type\":\"PropertyValueSpecification\",\"valueRequired\":true,\"valueName\":\"search_term_string\"}}],\"inLanguage\":\"en-GB\"},{\"@type\":\"Organization\",\"@id\":\"https:\/\/arealsteel.pt\/#organization\",\"name\":\"Arealsteel\",\"url\":\"https:\/\/arealsteel.pt\/\",\"logo\":{\"@type\":\"ImageObject\",\"inLanguage\":\"en-GB\",\"@id\":\"https:\/\/arealsteel.pt\/#\/schema\/logo\/image\/\",\"url\":\"https:\/\/arealsteel.pt\/wp-content\/uploads\/2024\/10\/AREALSTEEL-white-.png\",\"contentUrl\":\"https:\/\/arealsteel.pt\/wp-content\/uploads\/2024\/10\/AREALSTEEL-white-.png\",\"width\":899,\"height\":140,\"caption\":\"Arealsteel\"},\"image\":{\"@id\":\"https:\/\/arealsteel.pt\/#\/schema\/logo\/image\/\"}}]}<\/script>\n<!-- \/ Yoast SEO plugin. -->","yoast_head_json":{"title":"PORTEF\u00d3LIO - Arealsteel","robots":{"index":"index","follow":"follow","max-snippet":"max-snippet:-1","max-image-preview":"max-image-preview:large","max-video-preview":"max-video-preview:-1"},"canonical":"https:\/\/arealsteel.pt\/en\/portefolio\/","og_locale":"en_GB","og_type":"article","og_title":"PORTEF\u00d3LIO - Arealsteel","og_description":"PORTEF\u00d3LIO &#8226; PROJETOS &#8226; &#8226; RETIRADA DE AMIANTO &#8226; &#8226; PAVILH\u00d5ES INDUSTRIAIS &#8226; &#8226; TRABALHOS EM ALUM\u00cdNIO &#8226; PARCEIROS \u00c1rea de Produ\u00e7\u00e3o 3.500 m2 Funcion\u00e1rios 45 Clientes Satisfeitos 125","og_url":"https:\/\/arealsteel.pt\/en\/portefolio\/","og_site_name":"Arealsteel","article_modified_time":"2025-07-19T20:32:47+00:00","og_image":[{"width":899,"height":140,"url":"https:\/\/arealsteel.pt\/wp-content\/uploads\/2024\/10\/AREALSTEEL-white-.png","type":"image\/png"}],"twitter_card":"summary_large_image","twitter_misc":{"Estimated reading time":"1 minute"},"schema":{"@context":"https:\/\/schema.org","@graph":[{"@type":"WebPage","@id":"https:\/\/arealsteel.pt\/portefolio\/","url":"https:\/\/arealsteel.pt\/portefolio\/","name":"PORTEF\u00d3LIO - Arealsteel","isPartOf":{"@id":"https:\/\/arealsteel.pt\/#website"},"primaryImageOfPage":{"@id":"https:\/\/arealsteel.pt\/portefolio\/#primaryimage"},"image":{"@id":"https:\/\/arealsteel.pt\/portefolio\/#primaryimage"},"thumbnailUrl":"https:\/\/arealsteel.pt\/wp-content\/uploads\/2024\/10\/AREALSTEEL-white-.png","datePublished":"2024-10-19T05:57:49+00:00","dateModified":"2025-07-19T20:32:47+00:00","breadcrumb":{"@id":"https:\/\/arealsteel.pt\/portefolio\/#breadcrumb"},"inLanguage":"en-GB","potentialAction":[{"@type":"ReadAction","target":["https:\/\/arealsteel.pt\/portefolio\/"]}]},{"@type":"ImageObject","inLanguage":"en-GB","@id":"https:\/\/arealsteel.pt\/portefolio\/#primaryimage","url":"https:\/\/arealsteel.pt\/wp-content\/uploads\/2024\/10\/AREALSTEEL-white-.png","contentUrl":"https:\/\/arealsteel.pt\/wp-content\/uploads\/2024\/10\/AREALSTEEL-white-.png"},{"@type":"BreadcrumbList","@id":"https:\/\/arealsteel.pt\/portefolio\/#breadcrumb","itemListElement":[{"@type":"ListItem","position":1,"name":"In\u00edcio","item":"https:\/\/arealsteel.pt\/"},{"@type":"ListItem","position":2,"name":"PORTEF\u00d3LIO"}]},{"@type":"WebSite","@id":"https:\/\/arealsteel.pt\/#website","url":"https:\/\/arealsteel.pt\/","name":"Arealsteel","description":"","publisher":{"@id":"https:\/\/arealsteel.pt\/#organization"},"potentialAction":[{"@type":"SearchAction","target":{"@type":"EntryPoint","urlTemplate":"https:\/\/arealsteel.pt\/?s={search_term_string}"},"query-input":{"@type":"PropertyValueSpecification","valueRequired":true,"valueName":"search_term_string"}}],"inLanguage":"en-GB"},{"@type":"Organization","@id":"https:\/\/arealsteel.pt\/#organization","name":"Arealsteel","url":"https:\/\/arealsteel.pt\/","logo":{"@type":"ImageObject","inLanguage":"en-GB","@id":"https:\/\/arealsteel.pt\/#\/schema\/logo\/image\/","url":"https:\/\/arealsteel.pt\/wp-content\/uploads\/2024\/10\/AREALSTEEL-white-.png","contentUrl":"https:\/\/arealsteel.pt\/wp-content\/uploads\/2024\/10\/AREALSTEEL-white-.png","width":899,"height":140,"caption":"Arealsteel"},"image":{"@id":"https:\/\/arealsteel.pt\/#\/schema\/logo\/image\/"}}]}},"_links":{"self":[{"href":"https:\/\/arealsteel.pt\/en\/wp-json\/wp\/v2\/pages\/51","targetHints":{"allow":["GET"]}}],"collection":[{"href":"https:\/\/arealsteel.pt\/en\/wp-json\/wp\/v2\/pages"}],"about":[{"href":"https:\/\/arealsteel.pt\/en\/wp-json\/wp\/v2\/types\/page"}],"author":[{"embeddable":true,"href":"https:\/\/arealsteel.pt\/en\/wp-json\/wp\/v2\/users\/2"}],"replies":[{"embeddable":true,"href":"https:\/\/arealsteel.pt\/en\/wp-json\/wp\/v2\/comments?post=51"}],"version-history":[{"count":245,"href":"https:\/\/arealsteel.pt\/en\/wp-json\/wp\/v2\/pages\/51\/revisions"}],"predecessor-version":[{"id":2143,"href":"https:\/\/arealsteel.pt\/en\/wp-json\/wp\/v2\/pages\/51\/revisions\/2143"}],"wp:attachment":[{"href":"https:\/\/arealsteel.pt\/en\/wp-json\/wp\/v2\/media?parent=51"}],"curies":[{"name":"wp","href":"https:\/\/api.w.org\/{rel}","templated":true}]}}