{"id":761,"date":"2024-10-20T15:48:24","date_gmt":"2024-10-20T15:48:24","guid":{"rendered":"https:\/\/arealsteel.hdonline.pt\/?page_id=761"},"modified":"2025-02-28T11:16:02","modified_gmt":"2025-02-28T11:16:02","slug":"politica-de-privacidade","status":"publish","type":"page","link":"https:\/\/arealsteel.pt\/en\/politica-de-privacidade\/","title":{"rendered":"Privacy Policy"},"content":{"rendered":"<div data-elementor-type=\"wp-page\" data-elementor-id=\"761\" class=\"elementor elementor-761\" data-elementor-post-type=\"page\">\n\t\t\t\t<div class=\"elementor-element elementor-element-5fb0c88 e-flex e-con-boxed e-con e-parent\" data-id=\"5fb0c88\" data-element_type=\"container\" data-e-type=\"container\">\n\t\t\t\t\t<div class=\"e-con-inner\">\n\t\t\t\t<div class=\"elementor-element elementor-element-beb8944 elementor-widget elementor-widget-image\" data-id=\"beb8944\" data-element_type=\"widget\" data-e-type=\"widget\" data-widget_type=\"image.default\">\n\t\t\t\t<div class=\"elementor-widget-container\">\n\t\t\t\t\t\t\t\t\t\t\t\t\t\t\t<img fetchpriority=\"high\" decoding=\"async\" width=\"1920\" height=\"1080\" src=\"https:\/\/arealsteel.pt\/wp-content\/uploads\/2024\/10\/SERVICOS_1-1.jpg\" class=\"attachment-full size-full wp-image-123\" alt=\"\" srcset=\"https:\/\/arealsteel.pt\/wp-content\/uploads\/2024\/10\/SERVICOS_1-1.jpg 1920w, https:\/\/arealsteel.pt\/wp-content\/uploads\/2024\/10\/SERVICOS_1-1-300x169.jpg 300w, https:\/\/arealsteel.pt\/wp-content\/uploads\/2024\/10\/SERVICOS_1-1-1024x576.jpg 1024w, https:\/\/arealsteel.pt\/wp-content\/uploads\/2024\/10\/SERVICOS_1-1-768x432.jpg 768w, https:\/\/arealsteel.pt\/wp-content\/uploads\/2024\/10\/SERVICOS_1-1-1536x864.jpg 1536w\" sizes=\"(max-width: 1920px) 100vw, 1920px\" \/>\t\t\t\t\t\t\t\t\t\t\t\t\t\t\t<\/div>\n\t\t\t\t<\/div>\n\t\t\t\t<div class=\"elementor-element elementor-element-f29e0ca elementor-widget elementor-widget-heading\" data-id=\"f29e0ca\" data-element_type=\"widget\" data-e-type=\"widget\" data-widget_type=\"heading.default\">\n\t\t\t\t<div class=\"elementor-widget-container\">\n\t\t\t\t\t<h1 class=\"elementor-heading-title elementor-size-default\">Privacy Policy<\/h1>\t\t\t\t<\/div>\n\t\t\t\t<\/div>\n\t\t\t\t<div class=\"elementor-element elementor-element-5251dd5 elementor-widget elementor-widget-text-editor\" data-id=\"5251dd5\" data-element_type=\"widget\" data-e-type=\"widget\" data-widget_type=\"text-editor.default\">\n\t\t\t\t<div class=\"elementor-widget-container\">\n\t\t\t\t\t\t\t\t\t<p data-pm-slice=\"1 1 []\">\u00a0<\/p><p><strong>1. Introdu\u00e7\u00e3o<\/strong> A presente Pol\u00edtica de Privacidade regula o tratamento de dados pessoais realizado pela ArealSteel Lda (doravante &#8220;ArealSteel&#8221;) no seu website, em conformidade com o Regulamento Geral sobre a Prote\u00e7\u00e3o de Dados (RGPD) e demais legisla\u00e7\u00e3o aplic\u00e1vel em Portugal e na Uni\u00e3o Europeia.<\/p><p>\u00a0<\/p><p><strong>2. Respons\u00e1vel pelo Tratamento de Dados<\/strong> A ArealSteel Lda, com sede em Portugal, \u00e9 a entidade respons\u00e1vel pelo tratamento dos dados pessoais dos utilizadores. Para qualquer quest\u00e3o relacionada com a prote\u00e7\u00e3o de dados, pode contactar-nos atrav\u00e9s do email <a>geral@arealsteel.pt<\/a>.<\/p><p>\u00a0<\/p><p><strong>3. Dados Recolhidos e Finalidade<\/strong> A ArealSteel pode recolher os seguintes dados pessoais dos utilizadores do website:<\/p><ul data-spread=\"false\"><li><p>Nome e contacto (email e telefone), para fins de comunica\u00e7\u00e3o e atendimento a pedidos;<\/p><\/li><li><p>Dados de navega\u00e7\u00e3o (endere\u00e7o IP, tipo de navegador, p\u00e1ginas visitadas), para otimiza\u00e7\u00e3o da experi\u00eancia do utilizador e seguran\u00e7a do website;<\/p><\/li><li><p>Outras informa\u00e7\u00f5es fornecidas voluntariamente pelo utilizador, no contexto de formul\u00e1rios de contacto ou subscri\u00e7\u00e3o de newsletters.<\/p><\/li><\/ul><p>\u00a0<\/p><p><strong>4. Base Legal para o Tratamento<\/strong> O tratamento de dados pessoais pela ArealSteel baseia-se em:<\/p><ul data-spread=\"false\"><li><p>Execu\u00e7\u00e3o de contrato ou dilig\u00eancias pr\u00e9-contratuais;<\/p><\/li><li><p>Cumprimento de obriga\u00e7\u00e3o legal;<\/p><\/li><li><p>Interesse leg\u00edtimo na melhoria dos servi\u00e7os prestados;<\/p><\/li><li><p>Consentimento do utilizador, quando aplic\u00e1vel.<\/p><\/li><\/ul><p>\u00a0<\/p><p><strong>5. Partilha de Dados<\/strong> Os dados pessoais poder\u00e3o ser partilhados com:<\/p><ul data-spread=\"false\"><li><p>Prestadores de servi\u00e7os que auxiliam na opera\u00e7\u00e3o do website e dos servi\u00e7os prestados;<\/p><\/li><li><p>Autoridades competentes, sempre que exigido por lei. A ArealSteel n\u00e3o vende, aluga ou cede os dados pessoais a terceiros para fins comerciais.<\/p><\/li><\/ul><p>\u00a0<\/p><p><strong>6. Direitos dos Titulares dos Dados<\/strong> Nos termos do RGPD, os utilizadores t\u00eam os seguintes direitos:<\/p><ul data-spread=\"false\"><li><p>Aceder aos seus dados pessoais e obter informa\u00e7\u00e3o sobre o seu tratamento;<\/p><\/li><li><p>Retificar dados incorretos ou desatualizados;<\/p><\/li><li><p>Solicitar a elimina\u00e7\u00e3o dos dados pessoais, quando aplic\u00e1vel;<\/p><\/li><li><p>Opor-se ao tratamento para determinadas finalidades;<\/p><\/li><li><p>Solicitar a portabilidade dos dados, quando aplic\u00e1vel;<\/p><\/li><li><p>Retirar o consentimento previamente dado, sem comprometer a licitude do tratamento efetuado at\u00e9 \u00e0 data da revoga\u00e7\u00e3o. Para exercer os seus direitos, o utilizador pode contactar-nos atrav\u00e9s do email <a>geral@arealsteel.pt<\/a>.<\/p><\/li><\/ul><p>\u00a0<\/p><p><strong>7. Per\u00edodo de Reten\u00e7\u00e3o dos Dados<\/strong> Os dados pessoais ser\u00e3o conservados apenas pelo tempo necess\u00e1rio para cumprir as finalidades para as quais foram recolhidos ou para cumprimento de obriga\u00e7\u00f5es legais.<\/p><p>\u00a0<\/p><p><strong>8. Medidas de Seguran\u00e7a<\/strong> A ArealSteel implementa medidas t\u00e9cnicas e organizativas adequadas para proteger os dados pessoais contra acesso n\u00e3o autorizado, perda, destrui\u00e7\u00e3o ou altera\u00e7\u00e3o indevida.<\/p><p>\u00a0<\/p><p><strong>9. Cookies e Tecnologias Semelhantes<\/strong> O website pode utilizar cookies para melhorar a experi\u00eancia do utilizador. O utilizador pode gerir as prefer\u00eancias de cookies no seu navegador.<\/p><p>\u00a0<\/p><p><strong>10. Altera\u00e7\u00f5es \u00e0 Pol\u00edtica de Privacidade<\/strong> A ArealSteel reserva-se o direito de alterar esta pol\u00edtica a qualquer momento. Quaisquer altera\u00e7\u00f5es ser\u00e3o publicadas no website.<\/p><p>\u00a0<\/p><p><strong>11. Contacto<\/strong> Para qualquer d\u00favida sobre esta Pol\u00edtica de Privacidade, pode contactar-nos atrav\u00e9s do email <a>geral@arealsteel.pt<\/a>.<\/p><p>Data da \u00faltima atualiza\u00e7\u00e3o: Fev 2025<\/p>\t\t\t\t\t\t\t\t<\/div>\n\t\t\t\t<\/div>\n\t\t\t\t\t<\/div>\n\t\t\t\t<\/div>\n\t\t\t\t<\/div>","protected":false},"excerpt":{"rendered":"<p>Pol\u00edtica de Privacidade \u00a0 1. Introdu\u00e7\u00e3o A presente Pol\u00edtica de Privacidade regula o tratamento de dados pessoais realizado pela ArealSteel Lda (doravante &#8220;ArealSteel&#8221;) no seu website, em conformidade com o Regulamento Geral sobre a Prote\u00e7\u00e3o de Dados (RGPD) e demais legisla\u00e7\u00e3o aplic\u00e1vel em Portugal e na Uni\u00e3o Europeia. \u00a0 2. Respons\u00e1vel pelo Tratamento de Dados [&hellip;]<\/p>\n","protected":false},"author":2,"featured_media":0,"parent":0,"menu_order":0,"comment_status":"closed","ping_status":"closed","template":"","meta":{"inline_featured_image":false,"footnotes":""},"class_list":["post-761","page","type-page","status-publish","hentry"],"yoast_head":"<!-- This site is optimized with the Yoast SEO plugin v27.1.1 - https:\/\/yoast.com\/product\/yoast-seo-wordpress\/ -->\n<title>Politica de Privacidade - Arealsteel<\/title>\n<meta name=\"robots\" content=\"index, follow, max-snippet:-1, max-image-preview:large, max-video-preview:-1\" \/>\n<link rel=\"canonical\" href=\"https:\/\/arealsteel.pt\/en\/politica-de-privacidade\/\" \/>\n<meta property=\"og:locale\" content=\"en_GB\" \/>\n<meta property=\"og:type\" content=\"article\" \/>\n<meta property=\"og:title\" content=\"Politica de Privacidade - Arealsteel\" \/>\n<meta property=\"og:description\" content=\"Pol\u00edtica de Privacidade \u00a0 1. Introdu\u00e7\u00e3o A presente Pol\u00edtica de Privacidade regula o tratamento de dados pessoais realizado pela ArealSteel Lda (doravante &#8220;ArealSteel&#8221;) no seu website, em conformidade com o Regulamento Geral sobre a Prote\u00e7\u00e3o de Dados (RGPD) e demais legisla\u00e7\u00e3o aplic\u00e1vel em Portugal e na Uni\u00e3o Europeia. \u00a0 2. Respons\u00e1vel pelo Tratamento de Dados [&hellip;]\" \/>\n<meta property=\"og:url\" content=\"https:\/\/arealsteel.pt\/en\/politica-de-privacidade\/\" \/>\n<meta property=\"og:site_name\" content=\"Arealsteel\" \/>\n<meta property=\"article:modified_time\" content=\"2025-02-28T11:16:02+00:00\" \/>\n<meta property=\"og:image\" content=\"https:\/\/arealsteel.pt\/wp-content\/uploads\/2024\/10\/SERVICOS_1-1.jpg\" \/>\n\t<meta property=\"og:image:width\" content=\"1920\" \/>\n\t<meta property=\"og:image:height\" content=\"1080\" \/>\n\t<meta property=\"og:image:type\" content=\"image\/jpeg\" \/>\n<meta name=\"twitter:card\" content=\"summary_large_image\" \/>\n<meta name=\"twitter:label1\" content=\"Estimated reading time\" \/>\n\t<meta name=\"twitter:data1\" content=\"3 minutes\" \/>\n<script type=\"application\/ld+json\" class=\"yoast-schema-graph\">{\"@context\":\"https:\/\/schema.org\",\"@graph\":[{\"@type\":\"WebPage\",\"@id\":\"https:\/\/arealsteel.pt\/politica-de-privacidade\/\",\"url\":\"https:\/\/arealsteel.pt\/politica-de-privacidade\/\",\"name\":\"Politica de Privacidade - Arealsteel\",\"isPartOf\":{\"@id\":\"https:\/\/arealsteel.pt\/#website\"},\"primaryImageOfPage\":{\"@id\":\"https:\/\/arealsteel.pt\/politica-de-privacidade\/#primaryimage\"},\"image\":{\"@id\":\"https:\/\/arealsteel.pt\/politica-de-privacidade\/#primaryimage\"},\"thumbnailUrl\":\"https:\/\/arealsteel.pt\/wp-content\/uploads\/2024\/10\/SERVICOS_1-1.jpg\",\"datePublished\":\"2024-10-20T15:48:24+00:00\",\"dateModified\":\"2025-02-28T11:16:02+00:00\",\"breadcrumb\":{\"@id\":\"https:\/\/arealsteel.pt\/politica-de-privacidade\/#breadcrumb\"},\"inLanguage\":\"en-GB\",\"potentialAction\":[{\"@type\":\"ReadAction\",\"target\":[\"https:\/\/arealsteel.pt\/politica-de-privacidade\/\"]}]},{\"@type\":\"ImageObject\",\"inLanguage\":\"en-GB\",\"@id\":\"https:\/\/arealsteel.pt\/politica-de-privacidade\/#primaryimage\",\"url\":\"https:\/\/arealsteel.pt\/wp-content\/uploads\/2024\/10\/SERVICOS_1-1.jpg\",\"contentUrl\":\"https:\/\/arealsteel.pt\/wp-content\/uploads\/2024\/10\/SERVICOS_1-1.jpg\"},{\"@type\":\"BreadcrumbList\",\"@id\":\"https:\/\/arealsteel.pt\/politica-de-privacidade\/#breadcrumb\",\"itemListElement\":[{\"@type\":\"ListItem\",\"position\":1,\"name\":\"In\u00edcio\",\"item\":\"https:\/\/arealsteel.pt\/\"},{\"@type\":\"ListItem\",\"position\":2,\"name\":\"Politica de Privacidade\"}]},{\"@type\":\"WebSite\",\"@id\":\"https:\/\/arealsteel.pt\/#website\",\"url\":\"https:\/\/arealsteel.pt\/\",\"name\":\"Arealsteel\",\"description\":\"\",\"publisher\":{\"@id\":\"https:\/\/arealsteel.pt\/#organization\"},\"potentialAction\":[{\"@type\":\"SearchAction\",\"target\":{\"@type\":\"EntryPoint\",\"urlTemplate\":\"https:\/\/arealsteel.pt\/?s={search_term_string}\"},\"query-input\":{\"@type\":\"PropertyValueSpecification\",\"valueRequired\":true,\"valueName\":\"search_term_string\"}}],\"inLanguage\":\"en-GB\"},{\"@type\":\"Organization\",\"@id\":\"https:\/\/arealsteel.pt\/#organization\",\"name\":\"Arealsteel\",\"url\":\"https:\/\/arealsteel.pt\/\",\"logo\":{\"@type\":\"ImageObject\",\"inLanguage\":\"en-GB\",\"@id\":\"https:\/\/arealsteel.pt\/#\/schema\/logo\/image\/\",\"url\":\"https:\/\/arealsteel.pt\/wp-content\/uploads\/2024\/10\/AREALSTEEL-white-.png\",\"contentUrl\":\"https:\/\/arealsteel.pt\/wp-content\/uploads\/2024\/10\/AREALSTEEL-white-.png\",\"width\":899,\"height\":140,\"caption\":\"Arealsteel\"},\"image\":{\"@id\":\"https:\/\/arealsteel.pt\/#\/schema\/logo\/image\/\"}}]}<\/script>\n<!-- \/ Yoast SEO plugin. -->","yoast_head_json":{"title":"Politica de Privacidade - Arealsteel","robots":{"index":"index","follow":"follow","max-snippet":"max-snippet:-1","max-image-preview":"max-image-preview:large","max-video-preview":"max-video-preview:-1"},"canonical":"https:\/\/arealsteel.pt\/en\/politica-de-privacidade\/","og_locale":"en_GB","og_type":"article","og_title":"Politica de Privacidade - Arealsteel","og_description":"Pol\u00edtica de Privacidade \u00a0 1. Introdu\u00e7\u00e3o A presente Pol\u00edtica de Privacidade regula o tratamento de dados pessoais realizado pela ArealSteel Lda (doravante &#8220;ArealSteel&#8221;) no seu website, em conformidade com o Regulamento Geral sobre a Prote\u00e7\u00e3o de Dados (RGPD) e demais legisla\u00e7\u00e3o aplic\u00e1vel em Portugal e na Uni\u00e3o Europeia. \u00a0 2. Respons\u00e1vel pelo Tratamento de Dados [&hellip;]","og_url":"https:\/\/arealsteel.pt\/en\/politica-de-privacidade\/","og_site_name":"Arealsteel","article_modified_time":"2025-02-28T11:16:02+00:00","og_image":[{"width":1920,"height":1080,"url":"https:\/\/arealsteel.pt\/wp-content\/uploads\/2024\/10\/SERVICOS_1-1.jpg","type":"image\/jpeg"}],"twitter_card":"summary_large_image","twitter_misc":{"Estimated reading time":"3 minutes"},"schema":{"@context":"https:\/\/schema.org","@graph":[{"@type":"WebPage","@id":"https:\/\/arealsteel.pt\/politica-de-privacidade\/","url":"https:\/\/arealsteel.pt\/politica-de-privacidade\/","name":"Politica de Privacidade - Arealsteel","isPartOf":{"@id":"https:\/\/arealsteel.pt\/#website"},"primaryImageOfPage":{"@id":"https:\/\/arealsteel.pt\/politica-de-privacidade\/#primaryimage"},"image":{"@id":"https:\/\/arealsteel.pt\/politica-de-privacidade\/#primaryimage"},"thumbnailUrl":"https:\/\/arealsteel.pt\/wp-content\/uploads\/2024\/10\/SERVICOS_1-1.jpg","datePublished":"2024-10-20T15:48:24+00:00","dateModified":"2025-02-28T11:16:02+00:00","breadcrumb":{"@id":"https:\/\/arealsteel.pt\/politica-de-privacidade\/#breadcrumb"},"inLanguage":"en-GB","potentialAction":[{"@type":"ReadAction","target":["https:\/\/arealsteel.pt\/politica-de-privacidade\/"]}]},{"@type":"ImageObject","inLanguage":"en-GB","@id":"https:\/\/arealsteel.pt\/politica-de-privacidade\/#primaryimage","url":"https:\/\/arealsteel.pt\/wp-content\/uploads\/2024\/10\/SERVICOS_1-1.jpg","contentUrl":"https:\/\/arealsteel.pt\/wp-content\/uploads\/2024\/10\/SERVICOS_1-1.jpg"},{"@type":"BreadcrumbList","@id":"https:\/\/arealsteel.pt\/politica-de-privacidade\/#breadcrumb","itemListElement":[{"@type":"ListItem","position":1,"name":"In\u00edcio","item":"https:\/\/arealsteel.pt\/"},{"@type":"ListItem","position":2,"name":"Politica de Privacidade"}]},{"@type":"WebSite","@id":"https:\/\/arealsteel.pt\/#website","url":"https:\/\/arealsteel.pt\/","name":"Arealsteel","description":"","publisher":{"@id":"https:\/\/arealsteel.pt\/#organization"},"potentialAction":[{"@type":"SearchAction","target":{"@type":"EntryPoint","urlTemplate":"https:\/\/arealsteel.pt\/?s={search_term_string}"},"query-input":{"@type":"PropertyValueSpecification","valueRequired":true,"valueName":"search_term_string"}}],"inLanguage":"en-GB"},{"@type":"Organization","@id":"https:\/\/arealsteel.pt\/#organization","name":"Arealsteel","url":"https:\/\/arealsteel.pt\/","logo":{"@type":"ImageObject","inLanguage":"en-GB","@id":"https:\/\/arealsteel.pt\/#\/schema\/logo\/image\/","url":"https:\/\/arealsteel.pt\/wp-content\/uploads\/2024\/10\/AREALSTEEL-white-.png","contentUrl":"https:\/\/arealsteel.pt\/wp-content\/uploads\/2024\/10\/AREALSTEEL-white-.png","width":899,"height":140,"caption":"Arealsteel"},"image":{"@id":"https:\/\/arealsteel.pt\/#\/schema\/logo\/image\/"}}]}},"_links":{"self":[{"href":"https:\/\/arealsteel.pt\/en\/wp-json\/wp\/v2\/pages\/761","targetHints":{"allow":["GET"]}}],"collection":[{"href":"https:\/\/arealsteel.pt\/en\/wp-json\/wp\/v2\/pages"}],"about":[{"href":"https:\/\/arealsteel.pt\/en\/wp-json\/wp\/v2\/types\/page"}],"author":[{"embeddable":true,"href":"https:\/\/arealsteel.pt\/en\/wp-json\/wp\/v2\/users\/2"}],"replies":[{"embeddable":true,"href":"https:\/\/arealsteel.pt\/en\/wp-json\/wp\/v2\/comments?post=761"}],"version-history":[{"count":7,"href":"https:\/\/arealsteel.pt\/en\/wp-json\/wp\/v2\/pages\/761\/revisions"}],"predecessor-version":[{"id":1780,"href":"https:\/\/arealsteel.pt\/en\/wp-json\/wp\/v2\/pages\/761\/revisions\/1780"}],"wp:attachment":[{"href":"https:\/\/arealsteel.pt\/en\/wp-json\/wp\/v2\/media?parent=761"}],"curies":[{"name":"wp","href":"https:\/\/api.w.org\/{rel}","templated":true}]}}